{"id":4236,"date":"2024-12-02T00:04:13","date_gmt":"2024-12-01T23:04:13","guid":{"rendered":"https:\/\/sarrouralibre.com\/shop\/?post_type=product&#038;p=4236"},"modified":"2024-12-02T00:04:40","modified_gmt":"2024-12-01T23:04:40","slug":"morpion","status":"publish","type":"product","link":"https:\/\/sarrouralibre.com\/shop\/product\/morpion\/","title":{"rendered":"le jeux Morpion sp\u00e9cial Palestine"},"content":{"rendered":"<p>le jeux populaire morpion se met au couleurs de la Palestine<\/p>\n<p>\u00e0 tous les coups elle gagne !<\/p>\n<p>pour compl\u00e9ter la collection, offrir ou d\u00e9corer sa table de salon<\/p>\n<p>en bois v\u00e9ritable 11,5cm x 11,5 cm hauteur 2 cm<\/p>\n<p>&nbsp;<\/p>\n","protected":false},"excerpt":{"rendered":"<p>le jeux populaire morpion se met au couleurs de la Palestine \u00e0 tous les coups elle gagne ! pour compl\u00e9ter la collection, offrir ou d\u00e9corer sa table de salon en bois v\u00e9ritable 11,5cm x 11,5 cm hauteur 2 cm &nbsp;<\/p>\n","protected":false},"featured_media":4238,"comment_status":"open","ping_status":"closed","template":"","meta":[],"product_cat":[232,199],"product_tag":[],"class_list":{"0":"post-4236","1":"product","2":"type-product","3":"status-publish","4":"has-post-thumbnail","6":"product_cat-collection","7":"product_cat-tableaux-decoration","9":"first","10":"instock","11":"shipping-taxable","12":"purchasable","13":"product-type-simple"},"_links":{"self":[{"href":"https:\/\/sarrouralibre.com\/shop\/wp-json\/wp\/v2\/product\/4236","targetHints":{"allow":["GET"]}}],"collection":[{"href":"https:\/\/sarrouralibre.com\/shop\/wp-json\/wp\/v2\/product"}],"about":[{"href":"https:\/\/sarrouralibre.com\/shop\/wp-json\/wp\/v2\/types\/product"}],"replies":[{"embeddable":true,"href":"https:\/\/sarrouralibre.com\/shop\/wp-json\/wp\/v2\/comments?post=4236"}],"version-history":[{"count":2,"href":"https:\/\/sarrouralibre.com\/shop\/wp-json\/wp\/v2\/product\/4236\/revisions"}],"predecessor-version":[{"id":4242,"href":"https:\/\/sarrouralibre.com\/shop\/wp-json\/wp\/v2\/product\/4236\/revisions\/4242"}],"wp:featuredmedia":[{"embeddable":true,"href":"https:\/\/sarrouralibre.com\/shop\/wp-json\/wp\/v2\/media\/4238"}],"wp:attachment":[{"href":"https:\/\/sarrouralibre.com\/shop\/wp-json\/wp\/v2\/media?parent=4236"}],"wp:term":[{"taxonomy":"product_cat","embeddable":true,"href":"https:\/\/sarrouralibre.com\/shop\/wp-json\/wp\/v2\/product_cat?post=4236"},{"taxonomy":"product_tag","embeddable":true,"href":"https:\/\/sarrouralibre.com\/shop\/wp-json\/wp\/v2\/product_tag?post=4236"}],"curies":[{"name":"wp","href":"https:\/\/api.w.org\/{rel}","templated":true}]}}