{"id":4222,"date":"2024-06-16T17:36:12","date_gmt":"2024-06-16T15:36:12","guid":{"rendered":"https:\/\/sarrouralibre.com\/shop\/?post_type=product&#038;p=4222"},"modified":"2025-05-25T00:16:57","modified_gmt":"2025-05-24T22:16:57","slug":"magnets-tunisia2","status":"publish","type":"product","link":"https:\/\/sarrouralibre.com\/shop\/product\/magnets-tunisia2\/","title":{"rendered":"la boite \u00e0 Magnets &#8220;tunisian Popart&#8221;"},"content":{"rendered":"<p>9 magnets moul\u00e9s et peints \u00e0 la main, des minis \u0153uvres d&#8217;art en r\u00e9sine blanche.<\/p>\n<p>qui r\u00e9unis l&#8217;univers de la Tunisie et tout ce qui fait sa richesse et sa renomm\u00e9e dans le monde.<\/p>\n<p>solides et incassables pour d\u00e9corer votre frigidaire ou le tableau magn\u00e9tique, ou le tableau de souvenirs photos ou tout simplement \u00e0 offrir \u00e0 vos amis amoureux de la Tunisie.<\/p>\n<p>les dimensions des magnets sont en moyenne entre 2 cm et 4 cm<\/p>\n<p>\u00e9dition tr\u00e8s limit\u00e9e (14 boites disponibles)<\/p>\n<p>boite en carton livraison gratuite en France<\/p>\n","protected":false},"excerpt":{"rendered":"<p>9 magnets moul\u00e9s et peints \u00e0 la main, des minis \u0153uvres d&#8217;art en r\u00e9sine blanche. qui r\u00e9unis l&#8217;univers de la Tunisie et tout ce qui fait sa richesse et sa renomm\u00e9e dans le monde. solides et incassables pour d\u00e9corer votre frigidaire ou le tableau magn\u00e9tique, ou le tableau de souvenirs photos ou tout simplement \u00e0 [&hellip;]<\/p>\n","protected":false},"featured_media":4223,"comment_status":"open","ping_status":"closed","template":"","meta":[],"product_cat":[232,199],"product_tag":[],"class_list":{"0":"post-4222","1":"product","2":"type-product","3":"status-publish","4":"has-post-thumbnail","6":"product_cat-collection","7":"product_cat-tableaux-decoration","9":"first","10":"instock","11":"shipping-taxable","12":"purchasable","13":"product-type-simple"},"_links":{"self":[{"href":"https:\/\/sarrouralibre.com\/shop\/wp-json\/wp\/v2\/product\/4222","targetHints":{"allow":["GET"]}}],"collection":[{"href":"https:\/\/sarrouralibre.com\/shop\/wp-json\/wp\/v2\/product"}],"about":[{"href":"https:\/\/sarrouralibre.com\/shop\/wp-json\/wp\/v2\/types\/product"}],"replies":[{"embeddable":true,"href":"https:\/\/sarrouralibre.com\/shop\/wp-json\/wp\/v2\/comments?post=4222"}],"version-history":[{"count":2,"href":"https:\/\/sarrouralibre.com\/shop\/wp-json\/wp\/v2\/product\/4222\/revisions"}],"predecessor-version":[{"id":4264,"href":"https:\/\/sarrouralibre.com\/shop\/wp-json\/wp\/v2\/product\/4222\/revisions\/4264"}],"wp:featuredmedia":[{"embeddable":true,"href":"https:\/\/sarrouralibre.com\/shop\/wp-json\/wp\/v2\/media\/4223"}],"wp:attachment":[{"href":"https:\/\/sarrouralibre.com\/shop\/wp-json\/wp\/v2\/media?parent=4222"}],"wp:term":[{"taxonomy":"product_cat","embeddable":true,"href":"https:\/\/sarrouralibre.com\/shop\/wp-json\/wp\/v2\/product_cat?post=4222"},{"taxonomy":"product_tag","embeddable":true,"href":"https:\/\/sarrouralibre.com\/shop\/wp-json\/wp\/v2\/product_tag?post=4222"}],"curies":[{"name":"wp","href":"https:\/\/api.w.org\/{rel}","templated":true}]}}