{"id":4203,"date":"2024-06-05T00:36:39","date_gmt":"2024-06-04T22:36:39","guid":{"rendered":"https:\/\/sarrouralibre.com\/shop\/?post_type=product&#038;p=4203"},"modified":"2025-04-18T19:47:05","modified_gmt":"2025-04-18T17:47:05","slug":"tableau-la-palestine","status":"publish","type":"product","link":"https:\/\/sarrouralibre.com\/shop\/product\/tableau-la-palestine\/","title":{"rendered":"Tableau &#8220;La Palestine guidant les peuples&#8221;"},"content":{"rendered":"<p>je n&#8217;ai pas pu r\u00e9sister \u00e0 l&#8217;envie de modifier le mythique tableau de Guy Delacroix &#8220;la libert\u00e9 guidant le peuple&#8221;, hymne \u00e0 la libert\u00e9 et \u00e0 la r\u00e9sistance fran\u00e7aise qui se trouve actuellement au Louvre \u00e0 Paris.<\/p>\n<p>inspir\u00e9 par l&#8217;actualit\u00e9 et par ce qui se passe comme \u00e9lan de solidarit\u00e9 et de libert\u00e9 pour le peuple palestinien, chaque jour au JT je vois ce tableau de Delacroix qui est le tableau le plus visit\u00e9 avec La Jocande se sch\u00e9matis\u00e9 devant moi.<\/p>\n<p><img fetchpriority=\"high\" decoding=\"async\" class=\"wp-image-4213 aligncenter\" src=\"https:\/\/sarrouralibre.com\/shop\/wp-content\/uploads\/2024\/06\/LA-LIBERTEE.jpg\" alt=\"\" width=\"346\" height=\"277\" \/><\/p>\n<p>c&#8217;est une \u00e9vidence pour moi que la Palestine soit le symbole de la libert\u00e9 pour les peuples, peut importe leurs religions, nationalit\u00e9, tendances politiques.<\/p>\n<p>je me suis amus\u00e9 \u00e0 faire ce travail, vous pouvez voir sur mes r\u00e9seaux sociaux la vid\u00e9o de la r\u00e9alisation, et j&#8217;esp\u00e8re que vous aimez ! ICI &#8212; \u00a0<a href=\"https:\/\/fb.watch\/svjNmEZCjG\/\">https:\/\/fb.watch\/svjNmEZCjG\/<\/a><\/p>\n<p>je le propose \u00e0 l&#8217;impression num\u00e9rique sur toile avec cadre noir (caissons) qui apportera une touche chique et le noir sortira les couleurs sombres. facile \u00e0 accrocher avec un seul vis de fixation.<\/p>\n<p>taille 40 x 50 cm sans cadre,<\/p>\n<p>40,6 cm x 50,6 cm avec cadre<\/p>\n<p>si vous d\u00e9sirez une autre couleur de cadre (bois, blanc&#8230;) ou une autre dimension (plus grande ou plus petite) ,<\/p>\n<p>contactez moi par messagerie.<\/p>\n<p>&nbsp;<\/p>\n<p>&nbsp;<\/p>\n","protected":false},"excerpt":{"rendered":"<p>je n&#8217;ai pas pu r\u00e9sister \u00e0 l&#8217;envie de modifier le mythique tableau de Guy Delacroix &#8220;la libert\u00e9 guidant le peuple&#8221;, hymne \u00e0 la libert\u00e9 et \u00e0 la r\u00e9sistance fran\u00e7aise qui se trouve actuellement au Louvre \u00e0 Paris. inspir\u00e9 par l&#8217;actualit\u00e9 et par ce qui se passe comme \u00e9lan de solidarit\u00e9 et de libert\u00e9 pour le [&hellip;]<\/p>\n","protected":false},"featured_media":4261,"comment_status":"open","ping_status":"closed","template":"","meta":[],"product_cat":[199],"product_tag":[226,278,229,230,275,274,258,277,276,224],"class_list":{"0":"post-4203","1":"product","2":"type-product","3":"status-publish","4":"has-post-thumbnail","6":"product_cat-tableaux-decoration","7":"product_tag-art","8":"product_tag-artiste","9":"product_tag-design","10":"product_tag-digital-art","11":"product_tag-guy-delacroix","12":"product_tag-louvre","13":"product_tag-palestine","14":"product_tag-resistance","15":"product_tag-revolution","16":"product_tag-tableau","17":"product_shipping_class-tb1","19":"first","20":"instock","21":"featured","22":"shipping-taxable","23":"purchasable","24":"product-type-variable"},"_links":{"self":[{"href":"https:\/\/sarrouralibre.com\/shop\/wp-json\/wp\/v2\/product\/4203","targetHints":{"allow":["GET"]}}],"collection":[{"href":"https:\/\/sarrouralibre.com\/shop\/wp-json\/wp\/v2\/product"}],"about":[{"href":"https:\/\/sarrouralibre.com\/shop\/wp-json\/wp\/v2\/types\/product"}],"replies":[{"embeddable":true,"href":"https:\/\/sarrouralibre.com\/shop\/wp-json\/wp\/v2\/comments?post=4203"}],"version-history":[{"count":6,"href":"https:\/\/sarrouralibre.com\/shop\/wp-json\/wp\/v2\/product\/4203\/revisions"}],"predecessor-version":[{"id":4262,"href":"https:\/\/sarrouralibre.com\/shop\/wp-json\/wp\/v2\/product\/4203\/revisions\/4262"}],"wp:featuredmedia":[{"embeddable":true,"href":"https:\/\/sarrouralibre.com\/shop\/wp-json\/wp\/v2\/media\/4261"}],"wp:attachment":[{"href":"https:\/\/sarrouralibre.com\/shop\/wp-json\/wp\/v2\/media?parent=4203"}],"wp:term":[{"taxonomy":"product_cat","embeddable":true,"href":"https:\/\/sarrouralibre.com\/shop\/wp-json\/wp\/v2\/product_cat?post=4203"},{"taxonomy":"product_tag","embeddable":true,"href":"https:\/\/sarrouralibre.com\/shop\/wp-json\/wp\/v2\/product_tag?post=4203"}],"curies":[{"name":"wp","href":"https:\/\/api.w.org\/{rel}","templated":true}]}}