{"id":4165,"date":"2023-11-05T19:02:38","date_gmt":"2023-11-05T18:02:38","guid":{"rendered":"https:\/\/sarrouralibre.com\/shop\/?post_type=product&#038;p=4165"},"modified":"2025-05-26T07:00:12","modified_gmt":"2025-05-26T05:00:12","slug":"t-shirt-pop-art-collection-hannibal-yes-we-can-gaza-femme","status":"publish","type":"product","link":"https:\/\/sarrouralibre.com\/shop\/product\/t-shirt-pop-art-collection-hannibal-yes-we-can-gaza-femme\/","title":{"rendered":"T-shirt pop art collection hannibal &#8220;yes we can GAZA&#8221; Femme"},"content":{"rendered":"<div class=\"row\">\n<div class=\"large-12 columns margin-bottom-10\">\n<div>T-shirt pop art collection hannibal &#8220;yes we can GAZA&#8221;<\/div>\n<div>Pour Femme, taille normale<\/div>\n<div>tr\u00e8s confortable<\/div>\n<div>qualit\u00e9 sup\u00e9rieure<\/div>\n<div><\/div>\n<div><span style=\"color: #878787;font-family: Poppins\">tee-shirt femme<\/span><\/div>\n<div>caract\u00e9ristique<\/div>\n<ul>\n<li>T-shirt Bio\u00a0Col Rond<\/li>\n<li>Single Jersey<\/li>\n<li>100% Coton Bio<\/li>\n<li>155\u00a0grammes<\/li>\n<li>Coupe : Classique<\/li>\n<li>taille normalement<\/li>\n<\/ul>\n<div><\/div>\n<\/div>\n<\/div>\n","protected":false},"excerpt":{"rendered":"<p>T-shirt pop art collection hannibal &#8220;yes we can GAZA&#8221; Pour Femme, taille normale tr\u00e8s confortable qualit\u00e9 sup\u00e9rieure tee-shirt femme caract\u00e9ristique T-shirt Bio\u00a0Col Rond Single Jersey 100% Coton Bio 155\u00a0grammes Coupe : Classique taille normalement<\/p>\n","protected":false},"featured_media":4163,"comment_status":"open","ping_status":"closed","template":"","meta":[],"product_cat":[196],"product_tag":[267,268,220,59,218,265,259,221,272,82,273,260,270,219,258,269,223,271,117,217,222,266,261],"class_list":{"0":"post-4165","1":"product","2":"type-product","3":"status-publish","4":"has-post-thumbnail","6":"product_cat-tee-shirts","7":"product_tag-amazigh","8":"product_tag-carthage","9":"product_tag-chachia","10":"product_tag-coats","11":"product_tag-femme","12":"product_tag-free-palestine","13":"product_tag-gaza","14":"product_tag-hannibal","15":"product_tag-kefia","16":"product_tag-knit","17":"product_tag-koufeya","18":"product_tag-mode","19":"product_tag-mode-palestinisien","20":"product_tag-nordafrique","21":"product_tag-palestine","22":"product_tag-palestine-style","23":"product_tag-popart","24":"product_tag-resistace","25":"product_tag-trending","26":"product_tag-tshirt","27":"product_tag-tunisie","28":"product_tag-tunisie-gaza","29":"product_tag-vetement","31":"first","32":"instock","33":"featured","34":"shipping-taxable","35":"purchasable","36":"product-type-variable"},"_links":{"self":[{"href":"https:\/\/sarrouralibre.com\/shop\/wp-json\/wp\/v2\/product\/4165","targetHints":{"allow":["GET"]}}],"collection":[{"href":"https:\/\/sarrouralibre.com\/shop\/wp-json\/wp\/v2\/product"}],"about":[{"href":"https:\/\/sarrouralibre.com\/shop\/wp-json\/wp\/v2\/types\/product"}],"replies":[{"embeddable":true,"href":"https:\/\/sarrouralibre.com\/shop\/wp-json\/wp\/v2\/comments?post=4165"}],"version-history":[{"count":1,"href":"https:\/\/sarrouralibre.com\/shop\/wp-json\/wp\/v2\/product\/4165\/revisions"}],"predecessor-version":[{"id":4170,"href":"https:\/\/sarrouralibre.com\/shop\/wp-json\/wp\/v2\/product\/4165\/revisions\/4170"}],"wp:featuredmedia":[{"embeddable":true,"href":"https:\/\/sarrouralibre.com\/shop\/wp-json\/wp\/v2\/media\/4163"}],"wp:attachment":[{"href":"https:\/\/sarrouralibre.com\/shop\/wp-json\/wp\/v2\/media?parent=4165"}],"wp:term":[{"taxonomy":"product_cat","embeddable":true,"href":"https:\/\/sarrouralibre.com\/shop\/wp-json\/wp\/v2\/product_cat?post=4165"},{"taxonomy":"product_tag","embeddable":true,"href":"https:\/\/sarrouralibre.com\/shop\/wp-json\/wp\/v2\/product_tag?post=4165"}],"curies":[{"name":"wp","href":"https:\/\/api.w.org\/{rel}","templated":true}]}}