{"id":4149,"date":"2023-11-05T18:10:20","date_gmt":"2023-11-05T17:10:20","guid":{"rendered":"https:\/\/sarrouralibre.com\/shop\/?post_type=product&#038;p=4149"},"modified":"2026-02-28T16:44:38","modified_gmt":"2026-02-28T15:44:38","slug":"t-shirt-pop-art-collection-hannibal-yes-we-can-gaza-homme","status":"publish","type":"product","link":"https:\/\/sarrouralibre.com\/shop\/product\/t-shirt-pop-art-collection-hannibal-yes-we-can-gaza-homme\/","title":{"rendered":"T-shirt pop art collection Hannibal &#8220;yes we can GAZA&#8221; Homme"},"content":{"rendered":"<div class=\"row\">\n<div class=\"large-12 columns margin-bottom-10\">\n<div>T-shirt pop art collection Hannibal &#8220;yes we can&#8221; Homme<\/div>\n<div>taille normale tr\u00e8s confortable<\/div>\n<div><span style=\"color: #878787;font-family: Poppins\">tee-shirt homme<\/span><\/div>\n<div>\n<ul>\n<li>T-shirt Bio\u00a0Col Rond<\/li>\n<li>Single Jersey<\/li>\n<li>100% Coton Bio<\/li>\n<li>180 grammes<\/li>\n<li>Coupe : L\u00e9g\u00e8rement cintr\u00e9<\/li>\n<\/ul>\n<\/div>\n<\/div>\n<\/div>\n","protected":false},"excerpt":{"rendered":"<p>T-shirt pop art collection Hannibal &#8220;yes we can&#8221; Homme taille normale tr\u00e8s confortable tee-shirt homme T-shirt Bio\u00a0Col Rond Single Jersey 100% Coton Bio 180 grammes Coupe : L\u00e9g\u00e8rement cintr\u00e9<\/p>\n","protected":false},"featured_media":4153,"comment_status":"open","ping_status":"closed","template":"","meta":[],"product_cat":[196],"product_tag":[59,259,221,82,260,262,258,263,257,117,222,264,261],"class_list":{"0":"post-4149","1":"product","2":"type-product","3":"status-publish","4":"has-post-thumbnail","6":"product_cat-tee-shirts","7":"product_tag-coats","8":"product_tag-gaza","9":"product_tag-hannibal","10":"product_tag-knit","11":"product_tag-mode","12":"product_tag-palestie-style","13":"product_tag-palestine","14":"product_tag-plestine-mode","15":"product_tag-teeshirt","16":"product_tag-trending","17":"product_tag-tunisie","18":"product_tag-tunisien","19":"product_tag-vetement","21":"first","22":"onbackorder","23":"featured","24":"shipping-taxable","25":"purchasable","26":"product-type-variable"},"_links":{"self":[{"href":"https:\/\/sarrouralibre.com\/shop\/wp-json\/wp\/v2\/product\/4149","targetHints":{"allow":["GET"]}}],"collection":[{"href":"https:\/\/sarrouralibre.com\/shop\/wp-json\/wp\/v2\/product"}],"about":[{"href":"https:\/\/sarrouralibre.com\/shop\/wp-json\/wp\/v2\/types\/product"}],"replies":[{"embeddable":true,"href":"https:\/\/sarrouralibre.com\/shop\/wp-json\/wp\/v2\/comments?post=4149"}],"version-history":[{"count":1,"href":"https:\/\/sarrouralibre.com\/shop\/wp-json\/wp\/v2\/product\/4149\/revisions"}],"predecessor-version":[{"id":4156,"href":"https:\/\/sarrouralibre.com\/shop\/wp-json\/wp\/v2\/product\/4149\/revisions\/4156"}],"wp:featuredmedia":[{"embeddable":true,"href":"https:\/\/sarrouralibre.com\/shop\/wp-json\/wp\/v2\/media\/4153"}],"wp:attachment":[{"href":"https:\/\/sarrouralibre.com\/shop\/wp-json\/wp\/v2\/media?parent=4149"}],"wp:term":[{"taxonomy":"product_cat","embeddable":true,"href":"https:\/\/sarrouralibre.com\/shop\/wp-json\/wp\/v2\/product_cat?post=4149"},{"taxonomy":"product_tag","embeddable":true,"href":"https:\/\/sarrouralibre.com\/shop\/wp-json\/wp\/v2\/product_tag?post=4149"}],"curies":[{"name":"wp","href":"https:\/\/api.w.org\/{rel}","templated":true}]}}