{"id":4053,"date":"2023-06-21T15:13:52","date_gmt":"2023-06-21T13:13:52","guid":{"rendered":"https:\/\/sarrouralibre.com\/shop\/?post_type=product&#038;p=4053"},"modified":"2025-10-28T23:40:12","modified_gmt":"2025-10-28T22:40:12","slug":"extrait-naturel-deau-de-fleur-doranger-pur","status":"publish","type":"product","link":"https:\/\/sarrouralibre.com\/shop\/product\/extrait-naturel-deau-de-fleur-doranger-pur\/","title":{"rendered":"Extrait naturel d&#8217;Eau de Fleur d&#8217;oranger pur"},"content":{"rendered":"<p>Extrait naturel d&#8217;Eau de Fleur d&#8217;oranger pur<\/p>\n<p>100% naturelle- bio<\/p>\n<p>qualit\u00e9 sup\u00e9rieur<\/p>\n<p>id\u00e9al pour l&#8217;alimentation et la cosm\u00e9tique , quelques go\u00fbtes suffisent pour parfumer vos plats votre eau potable ou vos produits cosm\u00e9tiques.<\/p>\n<p>les bien faits de l&#8217;eau de fleur d&#8217;oranger sont nombreux surtout sur le stresse et l&#8217;anxi\u00e9t\u00e9.<\/p>\n<p>origine Tunisie<\/p>\n<p>100 ml<\/p>\n","protected":false},"excerpt":{"rendered":"<p>Extrait naturel d&#8217;Eau de Fleur d&#8217;oranger pur 100% naturelle- bio qualit\u00e9 sup\u00e9rieur id\u00e9al pour l&#8217;alimentation et la cosm\u00e9tique , quelques go\u00fbtes suffisent pour parfumer vos plats votre eau potable ou vos produits cosm\u00e9tiques. les bien faits de l&#8217;eau de fleur d&#8217;oranger sont nombreux surtout sur le stresse et l&#8217;anxi\u00e9t\u00e9. origine Tunisie 100 ml<\/p>\n","protected":false},"featured_media":4056,"comment_status":"open","ping_status":"closed","template":"","meta":[],"product_cat":[130],"product_tag":[],"class_list":{"0":"post-4053","1":"product","2":"type-product","3":"status-publish","4":"has-post-thumbnail","6":"product_cat-produits-cosmetiques-bien-etre","8":"first","9":"outofstock","10":"shipping-taxable","11":"purchasable","12":"product-type-simple"},"_links":{"self":[{"href":"https:\/\/sarrouralibre.com\/shop\/wp-json\/wp\/v2\/product\/4053","targetHints":{"allow":["GET"]}}],"collection":[{"href":"https:\/\/sarrouralibre.com\/shop\/wp-json\/wp\/v2\/product"}],"about":[{"href":"https:\/\/sarrouralibre.com\/shop\/wp-json\/wp\/v2\/types\/product"}],"replies":[{"embeddable":true,"href":"https:\/\/sarrouralibre.com\/shop\/wp-json\/wp\/v2\/comments?post=4053"}],"version-history":[{"count":2,"href":"https:\/\/sarrouralibre.com\/shop\/wp-json\/wp\/v2\/product\/4053\/revisions"}],"predecessor-version":[{"id":4267,"href":"https:\/\/sarrouralibre.com\/shop\/wp-json\/wp\/v2\/product\/4053\/revisions\/4267"}],"wp:featuredmedia":[{"embeddable":true,"href":"https:\/\/sarrouralibre.com\/shop\/wp-json\/wp\/v2\/media\/4056"}],"wp:attachment":[{"href":"https:\/\/sarrouralibre.com\/shop\/wp-json\/wp\/v2\/media?parent=4053"}],"wp:term":[{"taxonomy":"product_cat","embeddable":true,"href":"https:\/\/sarrouralibre.com\/shop\/wp-json\/wp\/v2\/product_cat?post=4053"},{"taxonomy":"product_tag","embeddable":true,"href":"https:\/\/sarrouralibre.com\/shop\/wp-json\/wp\/v2\/product_tag?post=4053"}],"curies":[{"name":"wp","href":"https:\/\/api.w.org\/{rel}","templated":true}]}}