{"id":4034,"date":"2023-06-20T00:11:58","date_gmt":"2023-06-19T22:11:58","guid":{"rendered":"https:\/\/sarrouralibre.com\/shop\/?post_type=product&#038;p=4034"},"modified":"2024-07-01T23:06:57","modified_gmt":"2024-07-01T21:06:57","slug":"haddad","status":"publish","type":"product","link":"https:\/\/sarrouralibre.com\/shop\/product\/haddad\/","title":{"rendered":"Tableau &#8220;Haddad&#8221;"},"content":{"rendered":"<div dir=\"ltr\">tableau de l&#8217;exposition &#8220;m\u00e9moire de Tunisie en pop art&#8221;<\/div>\n<blockquote>\n<div dir=\"ltr\"><strong>Tahar Haddad<\/strong> (1877-1935), est un auteur f\u00e9ministe tunisien, penseur, syndicaliste et politicien. Il a milit\u00e9 pour le d\u00e9veloppement de la soci\u00e9t\u00e9 tunisienne au d\u00e9but du vingti\u00e8me si\u00e8cle. Il est connu pour avoir lutt\u00e9 activement pour les droits syndicaux des travailleurs tunisiens, l&#8217;\u00e9mancipation des femmes tunisiennes et l&#8217;abolition de la polygamie dans le monde arabo-musulman. Il est auteur de: &#8220;Notre femme dans la l\u00e9gislation islamique et la soci\u00e9t\u00e9&#8221;.<\/div>\n<div dir=\"ltr\"><\/div>\n<\/blockquote>\n<div dir=\"ltr\">\n<p>Technique mixte digital art<\/p>\n<p>50&#215;50 sur plexiglas 5mm<\/p>\n<p>Sign\u00e9 en bas \u00e0 droite re\u00e7u avec un certificat d&#8217;authenticit\u00e9<\/p>\n<\/div>\n<div dir=\"auto\">Accrochage par un vis L simple<\/div>\n","protected":false},"excerpt":{"rendered":"<p>tableau de l&#8217;exposition &#8220;m\u00e9moire de Tunisie en pop art&#8221; Tahar Haddad (1877-1935), est un auteur f\u00e9ministe tunisien, penseur, syndicaliste et politicien. Il a milit\u00e9 pour le d\u00e9veloppement de la soci\u00e9t\u00e9 tunisienne au d\u00e9but du vingti\u00e8me si\u00e8cle. Il est connu pour avoir lutt\u00e9 activement pour les droits syndicaux des travailleurs tunisiens, l&#8217;\u00e9mancipation des femmes tunisiennes et [&hellip;]<\/p>\n","protected":false},"featured_media":4022,"comment_status":"open","ping_status":"closed","template":"","meta":[],"product_cat":[199],"product_tag":[226,231,225,229,230,246,227,228,206,223,224,222],"class_list":{"0":"post-4034","1":"product","2":"type-product","3":"status-publish","4":"has-post-thumbnail","6":"product_cat-tableaux-decoration","7":"product_tag-art","8":"product_tag-chebbi","9":"product_tag-decoration","10":"product_tag-design","11":"product_tag-digital-art","12":"product_tag-haddad","13":"product_tag-hedi-jouini","14":"product_tag-interieur","15":"product_tag-nord-afrique","16":"product_tag-popart","17":"product_tag-tableau","18":"product_tag-tunisie","20":"first","21":"instock","22":"shipping-taxable","23":"purchasable","24":"product-type-simple"},"_links":{"self":[{"href":"https:\/\/sarrouralibre.com\/shop\/wp-json\/wp\/v2\/product\/4034","targetHints":{"allow":["GET"]}}],"collection":[{"href":"https:\/\/sarrouralibre.com\/shop\/wp-json\/wp\/v2\/product"}],"about":[{"href":"https:\/\/sarrouralibre.com\/shop\/wp-json\/wp\/v2\/types\/product"}],"replies":[{"embeddable":true,"href":"https:\/\/sarrouralibre.com\/shop\/wp-json\/wp\/v2\/comments?post=4034"}],"version-history":[{"count":1,"href":"https:\/\/sarrouralibre.com\/shop\/wp-json\/wp\/v2\/product\/4034\/revisions"}],"predecessor-version":[{"id":4041,"href":"https:\/\/sarrouralibre.com\/shop\/wp-json\/wp\/v2\/product\/4034\/revisions\/4041"}],"wp:featuredmedia":[{"embeddable":true,"href":"https:\/\/sarrouralibre.com\/shop\/wp-json\/wp\/v2\/media\/4022"}],"wp:attachment":[{"href":"https:\/\/sarrouralibre.com\/shop\/wp-json\/wp\/v2\/media?parent=4034"}],"wp:term":[{"taxonomy":"product_cat","embeddable":true,"href":"https:\/\/sarrouralibre.com\/shop\/wp-json\/wp\/v2\/product_cat?post=4034"},{"taxonomy":"product_tag","embeddable":true,"href":"https:\/\/sarrouralibre.com\/shop\/wp-json\/wp\/v2\/product_tag?post=4034"}],"curies":[{"name":"wp","href":"https:\/\/api.w.org\/{rel}","templated":true}]}}