{"id":3959,"date":"2023-06-18T21:44:56","date_gmt":"2023-06-18T19:44:56","guid":{"rendered":"https:\/\/sarrouralibre.com\/shop\/?post_type=product&#038;p=3959"},"modified":"2024-03-25T11:21:39","modified_gmt":"2024-03-25T10:21:39","slug":"carte-de-voeux-la-maison-du-bonheur","status":"publish","type":"product","link":"https:\/\/sarrouralibre.com\/shop\/product\/carte-de-voeux-la-maison-du-bonheur\/","title":{"rendered":"carte de v\u0153ux &#8220;la maison du bonheur&#8221;"},"content":{"rendered":"<p>carte de v\u0153ux \u00e0 offrir ou \u00e0 collectionner avec le tableau &#8220;dar Ellama&#8221; \/&#8221; la maison du bonheur&#8221;<\/p>\n<p>de l&#8217;exposition &#8220;M&#8217;falfel&#8221;<\/p>\n<p>un hymne \u00e0 la joie et \u00e0 la bonne humeur avec en vedette le chanteur populaire tunisien &#8220;Habouba&#8221;<\/p>\n<p>carte 11 x 11 cm double<\/p>\n<p>impression devant et derri\u00e8re, vide \u00e0 l\u2019int\u00e9rieur\u00a0 sur papier photo<\/p>\n","protected":false},"excerpt":{"rendered":"<p>carte de v\u0153ux \u00e0 offrir ou \u00e0 collectionner avec le tableau &#8220;dar Ellama&#8221; \/&#8221; la maison du bonheur&#8221; de l&#8217;exposition &#8220;M&#8217;falfel&#8221; un hymne \u00e0 la joie et \u00e0 la bonne humeur avec en vedette le chanteur populaire tunisien &#8220;Habouba&#8221; carte 11 x 11 cm double impression devant et derri\u00e8re, vide \u00e0 l\u2019int\u00e9rieur\u00a0 sur papier photo<\/p>\n","protected":false},"featured_media":3968,"comment_status":"open","ping_status":"closed","template":"","meta":[],"product_cat":[232],"product_tag":[],"class_list":{"0":"post-3959","1":"product","2":"type-product","3":"status-publish","4":"has-post-thumbnail","6":"product_cat-collection","8":"first","9":"instock","10":"shipping-taxable","11":"purchasable","12":"product-type-simple"},"_links":{"self":[{"href":"https:\/\/sarrouralibre.com\/shop\/wp-json\/wp\/v2\/product\/3959","targetHints":{"allow":["GET"]}}],"collection":[{"href":"https:\/\/sarrouralibre.com\/shop\/wp-json\/wp\/v2\/product"}],"about":[{"href":"https:\/\/sarrouralibre.com\/shop\/wp-json\/wp\/v2\/types\/product"}],"replies":[{"embeddable":true,"href":"https:\/\/sarrouralibre.com\/shop\/wp-json\/wp\/v2\/comments?post=3959"}],"version-history":[{"count":2,"href":"https:\/\/sarrouralibre.com\/shop\/wp-json\/wp\/v2\/product\/3959\/revisions"}],"predecessor-version":[{"id":3973,"href":"https:\/\/sarrouralibre.com\/shop\/wp-json\/wp\/v2\/product\/3959\/revisions\/3973"}],"wp:featuredmedia":[{"embeddable":true,"href":"https:\/\/sarrouralibre.com\/shop\/wp-json\/wp\/v2\/media\/3968"}],"wp:attachment":[{"href":"https:\/\/sarrouralibre.com\/shop\/wp-json\/wp\/v2\/media?parent=3959"}],"wp:term":[{"taxonomy":"product_cat","embeddable":true,"href":"https:\/\/sarrouralibre.com\/shop\/wp-json\/wp\/v2\/product_cat?post=3959"},{"taxonomy":"product_tag","embeddable":true,"href":"https:\/\/sarrouralibre.com\/shop\/wp-json\/wp\/v2\/product_tag?post=3959"}],"curies":[{"name":"wp","href":"https:\/\/api.w.org\/{rel}","templated":true}]}}