{"id":3954,"date":"2023-06-18T21:23:35","date_gmt":"2023-06-18T19:23:35","guid":{"rendered":"https:\/\/sarrouralibre.com\/shop\/?post_type=product&#038;p=3954"},"modified":"2024-11-11T10:52:39","modified_gmt":"2024-11-11T09:52:39","slug":"messika","status":"publish","type":"product","link":"https:\/\/sarrouralibre.com\/shop\/product\/messika\/","title":{"rendered":"Tableau &#8220;Hbiba M&#8217;sika&#8221;"},"content":{"rendered":"<div dir=\"ltr\">tableau de l&#8217;exposition &#8220;m\u00e9moire de Tunisie en pop art&#8221;<\/div>\n<blockquote>\n<div dir=\"ltr\"><strong>Habiba M\u2019sika<\/strong> (1903-1930) est une chanteuse, danseuse\u00a0et\u00a0com\u00e9dienne\u00a0tunisienne. Elle \u00e9tait l\u2019une des plus importantes artistes de la communaut\u00e9 juive tunisienne. Elle a gravi rapidement les \u00e9chelons de la gloire sous le\u00a0pseudonyme\u00a0de Habiba (\u00ab\u00a0bien-aim\u00e9e\u00a0\u00bb). Prototype de la femme libre et ma\u00eetresse de son destin,\u00a0cantatrice charismatique\u00a0et actrice audacieuse, adul\u00e9e par la population tunisienne autochtone, Msika \u00e9tait un v\u00e9ritable ph\u00e9nom\u00e8ne de soci\u00e9t\u00e9 \u00e0 son \u00e9poque. A son \u00e9poque, elle \u00e9tait devenue un v\u00e9ritable sex-symbol et a initi\u00e9 le ph\u00e9nom\u00e8ne des \u00ab soldats de la nuit \u00bb, surnom donn\u00e9 \u00e0 ses fans.<\/div>\n<div dir=\"ltr\"><\/div>\n<\/blockquote>\n<div dir=\"ltr\">\n<p>Technique mixte digital art<\/p>\n<p>50&#215;50 sur plexiglas 5mm<\/p>\n<p>Sign\u00e9 en bas \u00e0 droite re\u00e7u avec un certificat d&#8217;authenticit\u00e9<\/p>\n<\/div>\n<div dir=\"auto\">Accrochage par un vis L simple<\/div>\n","protected":false},"excerpt":{"rendered":"<p>tableau de l&#8217;exposition &#8220;m\u00e9moire de Tunisie en pop art&#8221; Habiba M\u2019sika (1903-1930) est une chanteuse, danseuse\u00a0et\u00a0com\u00e9dienne\u00a0tunisienne. Elle \u00e9tait l\u2019une des plus importantes artistes de la communaut\u00e9 juive tunisienne. Elle a gravi rapidement les \u00e9chelons de la gloire sous le\u00a0pseudonyme\u00a0de Habiba (\u00ab\u00a0bien-aim\u00e9e\u00a0\u00bb). Prototype de la femme libre et ma\u00eetresse de son destin,\u00a0cantatrice charismatique\u00a0et actrice audacieuse, adul\u00e9e [&hellip;]<\/p>\n","protected":false},"featured_media":4024,"comment_status":"open","ping_status":"closed","template":"","meta":[],"product_cat":[199],"product_tag":[226,231,225,229,230,227,228,206,223,224,222],"class_list":{"0":"post-3954","1":"product","2":"type-product","3":"status-publish","4":"has-post-thumbnail","6":"product_cat-tableaux-decoration","7":"product_tag-art","8":"product_tag-chebbi","9":"product_tag-decoration","10":"product_tag-design","11":"product_tag-digital-art","12":"product_tag-hedi-jouini","13":"product_tag-interieur","14":"product_tag-nord-afrique","15":"product_tag-popart","16":"product_tag-tableau","17":"product_tag-tunisie","19":"first","20":"instock","21":"shipping-taxable","22":"purchasable","23":"product-type-simple"},"_links":{"self":[{"href":"https:\/\/sarrouralibre.com\/shop\/wp-json\/wp\/v2\/product\/3954","targetHints":{"allow":["GET"]}}],"collection":[{"href":"https:\/\/sarrouralibre.com\/shop\/wp-json\/wp\/v2\/product"}],"about":[{"href":"https:\/\/sarrouralibre.com\/shop\/wp-json\/wp\/v2\/types\/product"}],"replies":[{"embeddable":true,"href":"https:\/\/sarrouralibre.com\/shop\/wp-json\/wp\/v2\/comments?post=3954"}],"version-history":[{"count":2,"href":"https:\/\/sarrouralibre.com\/shop\/wp-json\/wp\/v2\/product\/3954\/revisions"}],"predecessor-version":[{"id":4029,"href":"https:\/\/sarrouralibre.com\/shop\/wp-json\/wp\/v2\/product\/3954\/revisions\/4029"}],"wp:featuredmedia":[{"embeddable":true,"href":"https:\/\/sarrouralibre.com\/shop\/wp-json\/wp\/v2\/media\/4024"}],"wp:attachment":[{"href":"https:\/\/sarrouralibre.com\/shop\/wp-json\/wp\/v2\/media?parent=3954"}],"wp:term":[{"taxonomy":"product_cat","embeddable":true,"href":"https:\/\/sarrouralibre.com\/shop\/wp-json\/wp\/v2\/product_cat?post=3954"},{"taxonomy":"product_tag","embeddable":true,"href":"https:\/\/sarrouralibre.com\/shop\/wp-json\/wp\/v2\/product_tag?post=3954"}],"curies":[{"name":"wp","href":"https:\/\/api.w.org\/{rel}","templated":true}]}}