{"id":3946,"date":"2023-06-18T21:08:51","date_gmt":"2023-06-18T19:08:51","guid":{"rendered":"https:\/\/sarrouralibre.com\/shop\/?post_type=product&#038;p=3946"},"modified":"2025-05-26T07:58:52","modified_gmt":"2025-05-26T05:58:52","slug":"old","status":"publish","type":"product","link":"https:\/\/sarrouralibre.com\/shop\/product\/old\/","title":{"rendered":"Tableau &#8220;The old tunisian men&#8221;"},"content":{"rendered":"<div dir=\"ltr\">tableau de l&#8217;exposition &#8220;m\u00e9moire de Tunisie en pop art&#8221;<\/div>\n<blockquote>\n<div dir=\"ltr\"><i><b>le viel homme tunisien: <\/b>repr\u00e9sente\u00a0l&#8217;ancien tunisien typique <\/i><i>avec sa tenue traditionelle &#8220;Barnous&#8221;, en arri\u00e8re plan les paquets de cigarette tunisienne du si\u00e8cle dernier, tous disparu <\/i><i>actuellement.<\/i><\/div>\n<div dir=\"ltr\"><\/div>\n<\/blockquote>\n<div dir=\"ltr\">\n<p>Technique mixte digital art<\/p>\n<p>50&#215;50 sur plexiglas 5mm<\/p>\n<p>Sign\u00e9 en bas \u00e0 droite re\u00e7u avec un certificat d&#8217;authenticit\u00e9<\/p>\n<\/div>\n<div dir=\"auto\">Accrochage par un vis L simple<\/div>\n","protected":false},"excerpt":{"rendered":"<p>tableau de l&#8217;exposition &#8220;m\u00e9moire de Tunisie en pop art&#8221; le viel homme tunisien: repr\u00e9sente\u00a0l&#8217;ancien tunisien typique avec sa tenue traditionelle &#8220;Barnous&#8221;, en arri\u00e8re plan les paquets de cigarette tunisienne du si\u00e8cle dernier, tous disparu actuellement. Technique mixte digital art 50&#215;50 sur plexiglas 5mm Sign\u00e9 en bas \u00e0 droite re\u00e7u avec un certificat d&#8217;authenticit\u00e9 Accrochage par [&hellip;]<\/p>\n","protected":false},"featured_media":3952,"comment_status":"open","ping_status":"closed","template":"","meta":[],"product_cat":[199],"product_tag":[226,231,225,229,230,227,228,206,223,224,222],"class_list":{"0":"post-3946","1":"product","2":"type-product","3":"status-publish","4":"has-post-thumbnail","6":"product_cat-tableaux-decoration","7":"product_tag-art","8":"product_tag-chebbi","9":"product_tag-decoration","10":"product_tag-design","11":"product_tag-digital-art","12":"product_tag-hedi-jouini","13":"product_tag-interieur","14":"product_tag-nord-afrique","15":"product_tag-popart","16":"product_tag-tableau","17":"product_tag-tunisie","18":"has-subscription-plans","20":"first","21":"instock","22":"shipping-taxable","23":"purchasable","24":"product-type-simple"},"_links":{"self":[{"href":"https:\/\/sarrouralibre.com\/shop\/wp-json\/wp\/v2\/product\/3946","targetHints":{"allow":["GET"]}}],"collection":[{"href":"https:\/\/sarrouralibre.com\/shop\/wp-json\/wp\/v2\/product"}],"about":[{"href":"https:\/\/sarrouralibre.com\/shop\/wp-json\/wp\/v2\/types\/product"}],"replies":[{"embeddable":true,"href":"https:\/\/sarrouralibre.com\/shop\/wp-json\/wp\/v2\/comments?post=3946"}],"version-history":[{"count":6,"href":"https:\/\/sarrouralibre.com\/shop\/wp-json\/wp\/v2\/product\/3946\/revisions"}],"predecessor-version":[{"id":4096,"href":"https:\/\/sarrouralibre.com\/shop\/wp-json\/wp\/v2\/product\/3946\/revisions\/4096"}],"wp:featuredmedia":[{"embeddable":true,"href":"https:\/\/sarrouralibre.com\/shop\/wp-json\/wp\/v2\/media\/3952"}],"wp:attachment":[{"href":"https:\/\/sarrouralibre.com\/shop\/wp-json\/wp\/v2\/media?parent=3946"}],"wp:term":[{"taxonomy":"product_cat","embeddable":true,"href":"https:\/\/sarrouralibre.com\/shop\/wp-json\/wp\/v2\/product_cat?post=3946"},{"taxonomy":"product_tag","embeddable":true,"href":"https:\/\/sarrouralibre.com\/shop\/wp-json\/wp\/v2\/product_tag?post=3946"}],"curies":[{"name":"wp","href":"https:\/\/api.w.org\/{rel}","templated":true}]}}