{"id":3943,"date":"2023-06-18T21:04:55","date_gmt":"2023-06-18T19:04:55","guid":{"rendered":"https:\/\/sarrouralibre.com\/shop\/?post_type=product&#038;p=3943"},"modified":"2025-05-25T17:33:33","modified_gmt":"2025-05-25T15:33:33","slug":"chebbi","status":"publish","type":"product","link":"https:\/\/sarrouralibre.com\/shop\/product\/chebbi\/","title":{"rendered":"Tableau Chebbi"},"content":{"rendered":"<div dir=\"ltr\">tableau de l&#8217;exposition &#8220;m\u00e9moire de tunisie en pop art&#8221;<\/div>\n<div dir=\"ltr\"><\/div>\n<div dir=\"ltr\"><strong>Abou El Kacem Chebbi<\/strong> \u00a0 (1909-1934), po\u00e8te tunisien non-conformiste et novateur. Nomm\u00e9 \u00able Voltaire arabe \u00bb, il est consid\u00e9r\u00e9 comme le po\u00e8te national de la Tunisie. Il a \u00e9crit sur la libert\u00e9, l&#8217;amour et la r\u00e9sistance.<\/div>\n<div dir=\"ltr\">\n<p>Technique mixte digital art<\/p>\n<div dir=\"auto\">50&#215;50 sur plexiglas 5mm<\/div>\n<div dir=\"auto\">Sign\u00e9 en bas \u00e0 droite re\u00e7u avec un certificat d&#8217;authenticit\u00e9<\/div>\n<\/div>\n<div dir=\"auto\">Accrochage par un vis L simple<\/div>\n","protected":false},"excerpt":{"rendered":"<p>tableau de l&#8217;exposition &#8220;m\u00e9moire de tunisie en pop art&#8221; Abou El Kacem Chebbi \u00a0 (1909-1934), po\u00e8te tunisien non-conformiste et novateur. Nomm\u00e9 \u00able Voltaire arabe \u00bb, il est consid\u00e9r\u00e9 comme le po\u00e8te national de la Tunisie. Il a \u00e9crit sur la libert\u00e9, l&#8217;amour et la r\u00e9sistance. Technique mixte digital art 50&#215;50 sur plexiglas 5mm Sign\u00e9 en [&hellip;]<\/p>\n","protected":false},"featured_media":4021,"comment_status":"open","ping_status":"closed","template":"","meta":[],"product_cat":[199],"product_tag":[226,231,225,229,230,227,228,206,223,224,222],"class_list":{"0":"post-3943","1":"product","2":"type-product","3":"status-publish","4":"has-post-thumbnail","6":"product_cat-tableaux-decoration","7":"product_tag-art","8":"product_tag-chebbi","9":"product_tag-decoration","10":"product_tag-design","11":"product_tag-digital-art","12":"product_tag-hedi-jouini","13":"product_tag-interieur","14":"product_tag-nord-afrique","15":"product_tag-popart","16":"product_tag-tableau","17":"product_tag-tunisie","19":"first","20":"instock","21":"shipping-taxable","22":"purchasable","23":"product-type-simple"},"_links":{"self":[{"href":"https:\/\/sarrouralibre.com\/shop\/wp-json\/wp\/v2\/product\/3943","targetHints":{"allow":["GET"]}}],"collection":[{"href":"https:\/\/sarrouralibre.com\/shop\/wp-json\/wp\/v2\/product"}],"about":[{"href":"https:\/\/sarrouralibre.com\/shop\/wp-json\/wp\/v2\/types\/product"}],"replies":[{"embeddable":true,"href":"https:\/\/sarrouralibre.com\/shop\/wp-json\/wp\/v2\/comments?post=3943"}],"version-history":[{"count":2,"href":"https:\/\/sarrouralibre.com\/shop\/wp-json\/wp\/v2\/product\/3943\/revisions"}],"predecessor-version":[{"id":4032,"href":"https:\/\/sarrouralibre.com\/shop\/wp-json\/wp\/v2\/product\/3943\/revisions\/4032"}],"wp:featuredmedia":[{"embeddable":true,"href":"https:\/\/sarrouralibre.com\/shop\/wp-json\/wp\/v2\/media\/4021"}],"wp:attachment":[{"href":"https:\/\/sarrouralibre.com\/shop\/wp-json\/wp\/v2\/media?parent=3943"}],"wp:term":[{"taxonomy":"product_cat","embeddable":true,"href":"https:\/\/sarrouralibre.com\/shop\/wp-json\/wp\/v2\/product_cat?post=3943"},{"taxonomy":"product_tag","embeddable":true,"href":"https:\/\/sarrouralibre.com\/shop\/wp-json\/wp\/v2\/product_tag?post=3943"}],"curies":[{"name":"wp","href":"https:\/\/api.w.org\/{rel}","templated":true}]}}