{"id":3939,"date":"2023-06-18T21:04:18","date_gmt":"2023-06-18T19:04:18","guid":{"rendered":"https:\/\/sarrouralibre.com\/shop\/?post_type=product&#038;p=3939"},"modified":"2023-06-20T00:08:37","modified_gmt":"2023-06-19T22:08:37","slug":"tableau-hedi-jouini","status":"publish","type":"product","link":"https:\/\/sarrouralibre.com\/shop\/product\/tableau-hedi-jouini\/","title":{"rendered":"tableau H\u00e9di Jouini"},"content":{"rendered":"<div dir=\"ltr\">tableau de l&#8217;exposition &#8220;m\u00e9moire de tunisie en pop art&#8221;<\/div>\n<div dir=\"ltr\">\n<table style=\"height: 104px\" width=\"1035\">\n<tbody>\n<tr>\n<td><em><strong>H\u00e9di Jouini<\/strong>\u00a0(1909-1990),\u00a0 oudiste et compositeur tunisien. Durant sa longue carri\u00e8re, Jouini a compos\u00e9 pr\u00e8s de 1 070 chansons et 56 op\u00e9rettes1. Ses chansons aux airs inspir\u00e9s du flamenco ne cessent de conna\u00eetre le succ\u00e8s en Tunisie et dans les pays du Machrek.<\/em><\/td>\n<\/tr>\n<\/tbody>\n<\/table>\n<\/div>\n<div dir=\"ltr\">\n<p>Technique mixte digital art<\/p>\n<div dir=\"auto\">50&#215;50 sur plexiglas 5mm<\/div>\n<div dir=\"auto\">Sign\u00e9 en bas \u00e0 droite re\u00e7u avec un certificat d&#8217;authenticit\u00e9<\/div>\n<\/div>\n<div dir=\"auto\">Accrochage par un vis L simple<\/div>\n","protected":false},"excerpt":{"rendered":"<p>tableau de l&#8217;exposition &#8220;m\u00e9moire de tunisie en pop art&#8221; H\u00e9di Jouini\u00a0(1909-1990),\u00a0 oudiste et compositeur tunisien. Durant sa longue carri\u00e8re, Jouini a compos\u00e9 pr\u00e8s de 1 070 chansons et 56 op\u00e9rettes1. Ses chansons aux airs inspir\u00e9s du flamenco ne cessent de conna\u00eetre le succ\u00e8s en Tunisie et dans les pays du Machrek. Technique mixte digital art [&hellip;]<\/p>\n","protected":false},"featured_media":4023,"comment_status":"open","ping_status":"closed","template":"","meta":[],"product_cat":[199],"product_tag":[226,225,229,230,227,228,206,223,224,222],"class_list":{"0":"post-3939","1":"product","2":"type-product","3":"status-publish","4":"has-post-thumbnail","6":"product_cat-tableaux-decoration","7":"product_tag-art","8":"product_tag-decoration","9":"product_tag-design","10":"product_tag-digital-art","11":"product_tag-hedi-jouini","12":"product_tag-interieur","13":"product_tag-nord-afrique","14":"product_tag-popart","15":"product_tag-tableau","16":"product_tag-tunisie","18":"first","19":"instock","20":"shipping-taxable","21":"purchasable","22":"product-type-simple"},"_links":{"self":[{"href":"https:\/\/sarrouralibre.com\/shop\/wp-json\/wp\/v2\/product\/3939","targetHints":{"allow":["GET"]}}],"collection":[{"href":"https:\/\/sarrouralibre.com\/shop\/wp-json\/wp\/v2\/product"}],"about":[{"href":"https:\/\/sarrouralibre.com\/shop\/wp-json\/wp\/v2\/types\/product"}],"replies":[{"embeddable":true,"href":"https:\/\/sarrouralibre.com\/shop\/wp-json\/wp\/v2\/comments?post=3939"}],"version-history":[{"count":3,"href":"https:\/\/sarrouralibre.com\/shop\/wp-json\/wp\/v2\/product\/3939\/revisions"}],"predecessor-version":[{"id":4031,"href":"https:\/\/sarrouralibre.com\/shop\/wp-json\/wp\/v2\/product\/3939\/revisions\/4031"}],"wp:featuredmedia":[{"embeddable":true,"href":"https:\/\/sarrouralibre.com\/shop\/wp-json\/wp\/v2\/media\/4023"}],"wp:attachment":[{"href":"https:\/\/sarrouralibre.com\/shop\/wp-json\/wp\/v2\/media?parent=3939"}],"wp:term":[{"taxonomy":"product_cat","embeddable":true,"href":"https:\/\/sarrouralibre.com\/shop\/wp-json\/wp\/v2\/product_cat?post=3939"},{"taxonomy":"product_tag","embeddable":true,"href":"https:\/\/sarrouralibre.com\/shop\/wp-json\/wp\/v2\/product_tag?post=3939"}],"curies":[{"name":"wp","href":"https:\/\/api.w.org\/{rel}","templated":true}]}}