{"id":3931,"date":"2023-06-18T20:46:10","date_gmt":"2023-06-18T18:46:10","guid":{"rendered":"https:\/\/sarrouralibre.com\/shop\/?post_type=product&#038;p=3931"},"modified":"2023-06-18T20:46:23","modified_gmt":"2023-06-18T18:46:23","slug":"sous-plat-sous-verre-en-terre-cuite","status":"publish","type":"product","link":"https:\/\/sarrouralibre.com\/shop\/product\/sous-plat-sous-verre-en-terre-cuite\/","title":{"rendered":"sous-plat \/ sous-verre en terre cuite"},"content":{"rendered":"<p>carreaux en terre cuite 0.5cm d&#8217;\u00e9paisseur<\/p>\n<p>10&#215;10 cm<\/p>\n<p>peinte \u00e0 la main finition en r\u00e9sine<\/p>\n<p>11 mod\u00e8les aux choix<\/p>\n<p>merci de pr\u00e9ciser le mod\u00e8le dans la note pendant la commande sinon un mod\u00e8le au hasard vous sera livrer.<\/p>\n","protected":false},"excerpt":{"rendered":"<p>carreaux en terre cuite 0.5cm d&#8217;\u00e9paisseur 10&#215;10 cm peinte \u00e0 la main finition en r\u00e9sine 11 mod\u00e8les aux choix merci de pr\u00e9ciser le mod\u00e8le dans la note pendant la commande sinon un mod\u00e8le au hasard vous sera livrer.<\/p>\n","protected":false},"featured_media":3932,"comment_status":"open","ping_status":"closed","template":"","meta":[],"product_cat":[199],"product_tag":[],"class_list":{"0":"post-3931","1":"product","2":"type-product","3":"status-publish","4":"has-post-thumbnail","6":"product_cat-tableaux-decoration","8":"first","9":"instock","10":"shipping-taxable","11":"purchasable","12":"product-type-simple"},"_links":{"self":[{"href":"https:\/\/sarrouralibre.com\/shop\/wp-json\/wp\/v2\/product\/3931","targetHints":{"allow":["GET"]}}],"collection":[{"href":"https:\/\/sarrouralibre.com\/shop\/wp-json\/wp\/v2\/product"}],"about":[{"href":"https:\/\/sarrouralibre.com\/shop\/wp-json\/wp\/v2\/types\/product"}],"replies":[{"embeddable":true,"href":"https:\/\/sarrouralibre.com\/shop\/wp-json\/wp\/v2\/comments?post=3931"}],"version-history":[{"count":1,"href":"https:\/\/sarrouralibre.com\/shop\/wp-json\/wp\/v2\/product\/3931\/revisions"}],"predecessor-version":[{"id":3938,"href":"https:\/\/sarrouralibre.com\/shop\/wp-json\/wp\/v2\/product\/3931\/revisions\/3938"}],"wp:featuredmedia":[{"embeddable":true,"href":"https:\/\/sarrouralibre.com\/shop\/wp-json\/wp\/v2\/media\/3932"}],"wp:attachment":[{"href":"https:\/\/sarrouralibre.com\/shop\/wp-json\/wp\/v2\/media?parent=3931"}],"wp:term":[{"taxonomy":"product_cat","embeddable":true,"href":"https:\/\/sarrouralibre.com\/shop\/wp-json\/wp\/v2\/product_cat?post=3931"},{"taxonomy":"product_tag","embeddable":true,"href":"https:\/\/sarrouralibre.com\/shop\/wp-json\/wp\/v2\/product_tag?post=3931"}],"curies":[{"name":"wp","href":"https:\/\/api.w.org\/{rel}","templated":true}]}}