{"id":3820,"date":"2023-06-17T02:09:37","date_gmt":"2023-06-17T00:09:37","guid":{"rendered":"https:\/\/sarrouralibre.com\/shop\/?post_type=product&#038;p=3820"},"modified":"2025-05-26T07:16:54","modified_gmt":"2025-05-26T05:16:54","slug":"tee-shirt-pop-art-collection-hannibal-yes-we-can-homme","status":"publish","type":"product","link":"https:\/\/sarrouralibre.com\/shop\/product\/tee-shirt-pop-art-collection-hannibal-yes-we-can-homme\/","title":{"rendered":"T-shirt pop art collection Hannibal &#8220;yes we can&#8221; Homme"},"content":{"rendered":"<div class=\"row\">\n<div class=\"large-12 columns margin-bottom-10\">\n<div>T-shirt pop art collection Hannibal &#8220;yes we can&#8221; Homme<\/div>\n<div>taille normale tr\u00e8s confortable<\/div>\n<div><span style=\"color: #878787;font-family: Poppins\">tee-shirt homme<\/span><\/div>\n<div>\n<ul>\n<li>T-shirt Bio\u00a0Col Rond<\/li>\n<li>Single Jersey<\/li>\n<li>100% Coton Bio<\/li>\n<li>180 grammes<\/li>\n<li>Coupe : L\u00e9g\u00e8rement cintr\u00e9<\/li>\n<\/ul>\n<\/div>\n<\/div>\n<\/div>\n","protected":false},"excerpt":{"rendered":"<p>T-shirt pop art collection Hannibal &#8220;yes we can&#8221; Homme taille normale tr\u00e8s confortable tee-shirt homme T-shirt Bio\u00a0Col Rond Single Jersey 100% Coton Bio 180 grammes Coupe : L\u00e9g\u00e8rement cintr\u00e9<\/p>\n","protected":false},"featured_media":3904,"comment_status":"open","ping_status":"closed","template":"","meta":[],"product_cat":[196],"product_tag":[59,82,117],"class_list":{"0":"post-3820","1":"product","2":"type-product","3":"status-publish","4":"has-post-thumbnail","6":"product_cat-tee-shirts","7":"product_tag-coats","8":"product_tag-knit","9":"product_tag-trending","11":"first","12":"instock","13":"featured","14":"shipping-taxable","15":"purchasable","16":"product-type-variable"},"_links":{"self":[{"href":"https:\/\/sarrouralibre.com\/shop\/wp-json\/wp\/v2\/product\/3820","targetHints":{"allow":["GET"]}}],"collection":[{"href":"https:\/\/sarrouralibre.com\/shop\/wp-json\/wp\/v2\/product"}],"about":[{"href":"https:\/\/sarrouralibre.com\/shop\/wp-json\/wp\/v2\/types\/product"}],"replies":[{"embeddable":true,"href":"https:\/\/sarrouralibre.com\/shop\/wp-json\/wp\/v2\/comments?post=3820"}],"version-history":[{"count":4,"href":"https:\/\/sarrouralibre.com\/shop\/wp-json\/wp\/v2\/product\/3820\/revisions"}],"predecessor-version":[{"id":4148,"href":"https:\/\/sarrouralibre.com\/shop\/wp-json\/wp\/v2\/product\/3820\/revisions\/4148"}],"wp:featuredmedia":[{"embeddable":true,"href":"https:\/\/sarrouralibre.com\/shop\/wp-json\/wp\/v2\/media\/3904"}],"wp:attachment":[{"href":"https:\/\/sarrouralibre.com\/shop\/wp-json\/wp\/v2\/media?parent=3820"}],"wp:term":[{"taxonomy":"product_cat","embeddable":true,"href":"https:\/\/sarrouralibre.com\/shop\/wp-json\/wp\/v2\/product_cat?post=3820"},{"taxonomy":"product_tag","embeddable":true,"href":"https:\/\/sarrouralibre.com\/shop\/wp-json\/wp\/v2\/product_tag?post=3820"}],"curies":[{"name":"wp","href":"https:\/\/api.w.org\/{rel}","templated":true}]}}